{"id":33,"date":"2025-07-28T22:39:36","date_gmt":"2025-07-28T19:39:36","guid":{"rendered":"https:\/\/www.voidtek.fi\/?page_id=33"},"modified":"2025-10-21T10:15:14","modified_gmt":"2025-10-21T07:15:14","slug":"palvelut","status":"publish","type":"page","link":"https:\/\/www.voidtek.fi\/en\/palvelut\/","title":{"rendered":"Services"},"content":{"rendered":"<p class=\"has-text-align-center\">Voidtek will offer small-scale electrical and automation services on a part-time basis in the Central Finland and Northern Savonia regions, primarily for private customers.<\/p>\n\n\n\n<div style=\"height:25px\" aria-hidden=\"true\" class=\"wp-block-spacer\"><\/div>\n\n\n\n<div class=\"wp-block-buttons is-content-justification-center is-layout-flex wp-container-core-buttons-is-layout-a89b3969 wp-block-buttons-is-layout-flex\">\n<div class=\"wp-block-button\"><a class=\"wp-block-button__link wp-element-button\" href=\"https:\/\/www.voidtek.fi\/en\/tiedot\/\">Contact me<\/a><\/div>\n<\/div>\n\n\n\n<div style=\"height:25px\" aria-hidden=\"true\" class=\"wp-block-spacer\"><\/div>\n\n\n\n<div class=\"wp-block-group has-global-padding is-layout-constrained wp-block-group-is-layout-constrained\">\n<h3 class=\"wp-block-heading has-text-align-center\">Electrical Services<\/h3>\n\n\n\n<p class=\"has-text-align-center\">Voidtek toteuttaa monipuolisesti pienimuotoisia s\u00e4hk\u00f6asennus-, k\u00e4ytt\u00f6\u00f6notto-, vianhaku- ja kunnossapitot\u00f6it\u00e4 eri tyyppisille s\u00e4hk\u00f6laitteille ja -laitteistoille.<\/p>\n\n\n\n<p class=\"has-text-align-center\">Ty\u00f6h\u00f6n sis\u00e4ltyv\u00e4t muun muassa pistorasioiden ja valaisimien lis\u00e4ykset ja siirrot, s\u00e4hk\u00f6keskusten p\u00e4ivitykset, kaapeloinnit, tietoverkkoasennukset sek\u00e4 erilaisten ohjaus- ja suojalaitteiden tarkistukset ja vaihdot. Palveluun kuuluvat my\u00f6s laitteistojen k\u00e4ytt\u00f6\u00f6notot, mittaukset ja toiminnalliset testaukset, joilla varmistetaan, ett\u00e4 kaikkien m\u00e4\u00e4r\u00e4ysten ja turvallisuusstandardien t\u00e4yttyminen ajantasaisen lains\u00e4\u00e4d\u00e4nn\u00f6n mukaisesti. <\/p>\n\n\n\n<p class=\"has-text-align-center\">Vianhaku ja ongelmanratkaisu ovat keskeinen osa toimintaa \u2013 olipa kyse yksitt\u00e4isest\u00e4 laitteesta, laitteistosta tai automaation toimintah\u00e4iri\u00f6st\u00e4.<\/p>\n\n\n\n<p class=\"has-text-align-center\">Tarvittaessa autamme my\u00f6s suunnittelussa ja laitevalinnoissa, jotta kokonaisuudesta muodostuu toimiva ja tarkoituksenmukainen. Kaikki ty\u00f6 tehd\u00e4\u00e4n sovitusti, dokumentoidusti ja huolellisesti, tavoitteena teknisesti laadukas ja pitk\u00e4ik\u00e4inen lopputulos.<\/p>\n\n\n\n<div style=\"height:25px\" aria-hidden=\"true\" class=\"wp-block-spacer\"><\/div>\n\n\n\n<h3 class=\"wp-block-heading has-text-align-center\">Automation Services<\/h3>\n\n\n\n<p class=\"has-text-align-center\">Voidtek tarjoaa automaatiopalveluita, jotka kattavat muun muassa automaatioasennukset, parametroinnit, s\u00e4\u00e4d\u00f6t ja vian selvityksen. Teemme komponenttien ja laitteiden vaihtoty\u00f6t vuosien kokemuksella metalli-, puu-, energia- ja elintarviketeollisuuden toimialoilta kotiautomaatioj\u00e4rjestelmi\u00e4 unohtamatta.<\/p>\n\n\n\n<p class=\"has-text-align-center\">Automaatiopalveluihin kuuluvat esimerkiksi erilaisten ohjaus- ja valvontalaitteiden asennukset, antureiden ja toimilaitteiden vaihdot sek\u00e4 niiden parametrointi prosessien tai laitteiden toiminnan optimoimiseksi. Autamme tarpeen tullen suunnittelussa ja laitteistojen valinnassa, jotta j\u00e4rjestelm\u00e4t palvelevat teit\u00e4 parhaalla<\/p>\n\n\n\n<p class=\"has-text-align-center\">Toteutamme my\u00f6s pienimuotoisia ohjelmointimuutoksia, logiikkamuutoksia ja automaatiolaitteistojen k\u00e4ytt\u00f6\u00f6nottoja. Tarvittaessa tarkistamme ja korjaamme puutteelliset kytkenn\u00e4t, suoritamme toiminnalliset testaukset ja varmistamme, ett\u00e4 kokonaisuus toimii luotettavasti suunnitellulla tavalla.<\/p>\n\n\n\n<div style=\"height:25px\" aria-hidden=\"true\" class=\"wp-block-spacer\"><\/div>\n\n\n\n<h3 class=\"wp-block-heading has-text-align-center\">Process operations and control work<\/h3>\n\n\n\n<p class=\"has-text-align-center\">Minulla on kokemusta prosessien valvonnasta ja ohjaamisesta metalli-, energia-, puu-, ja elintarviketeollisuudessa. Pystyn tarjoamaan mahdollisuuden osallistua valvomoty\u00f6skentelyyn ja olla tukena esimerkiksi poikkeustilanteissa tai k\u00e4ynnistyksiss\u00e4.<\/p>\n\n\n\n<div style=\"height:25px\" aria-hidden=\"true\" class=\"wp-block-spacer\"><\/div>\n\n\n\n<div class=\"wp-block-buttons is-content-justification-center is-layout-flex wp-container-core-buttons-is-layout-a89b3969 wp-block-buttons-is-layout-flex\">\n<div class=\"wp-block-button\"><a class=\"wp-block-button__link wp-element-button\" href=\"https:\/\/www.voidtek.fi\/en\/tiedot\/\">Contact me<\/a><\/div>\n<\/div>\n<\/div>","protected":false},"excerpt":{"rendered":"<p>Voidtek tulee tarjoamaan tulevaisuudessa sivutoimisesti pienen mittakaavan s\u00e4hk\u00f6- ja automaatioalan palveluita Keski-Suomen ja Pohjois-Savon alueilla p\u00e4\u00e4osin yksityisasiakkaille. S\u00e4hk\u00f6asennuspalvelut Voidtek toteuttaa monipuolisesti pienimuotoisia s\u00e4hk\u00f6asennus-, k\u00e4ytt\u00f6\u00f6notto-, vianhaku- ja kunnossapitot\u00f6it\u00e4 eri tyyppisille s\u00e4hk\u00f6laitteille ja -laitteistoille. Ty\u00f6h\u00f6n sis\u00e4ltyv\u00e4t muun muassa pistorasioiden ja valaisimien lis\u00e4ykset ja siirrot, s\u00e4hk\u00f6keskusten p\u00e4ivitykset, kaapeloinnit, tietoverkkoasennukset sek\u00e4 erilaisten ohjaus- ja suojalaitteiden tarkistukset ja vaihdot. Palveluun [&hellip;]<\/p>","protected":false},"author":1,"featured_media":0,"parent":0,"menu_order":0,"comment_status":"closed","ping_status":"closed","template":"","meta":{"_seopress_robots_primary_cat":"","_seopress_titles_title":"Voidtek - Palvelut","_seopress_titles_desc":"Voidtek tulee tarjoamaan tulevaisuudessa sivutoimisesti pienen mittakaavan s\u00e4hk\u00f6- ja automaatioalan palveluita Keski-Suomen ja Pohjois-Savon alueilla.","_seopress_robots_index":"","footnotes":""},"class_list":["post-33","page","type-page","status-publish","hentry"],"_links":{"self":[{"href":"https:\/\/www.voidtek.fi\/en\/wp-json\/wp\/v2\/pages\/33","targetHints":{"allow":["GET"]}}],"collection":[{"href":"https:\/\/www.voidtek.fi\/en\/wp-json\/wp\/v2\/pages"}],"about":[{"href":"https:\/\/www.voidtek.fi\/en\/wp-json\/wp\/v2\/types\/page"}],"author":[{"embeddable":true,"href":"https:\/\/www.voidtek.fi\/en\/wp-json\/wp\/v2\/users\/1"}],"replies":[{"embeddable":true,"href":"https:\/\/www.voidtek.fi\/en\/wp-json\/wp\/v2\/comments?post=33"}],"version-history":[{"count":41,"href":"https:\/\/www.voidtek.fi\/en\/wp-json\/wp\/v2\/pages\/33\/revisions"}],"predecessor-version":[{"id":468,"href":"https:\/\/www.voidtek.fi\/en\/wp-json\/wp\/v2\/pages\/33\/revisions\/468"}],"wp:attachment":[{"href":"https:\/\/www.voidtek.fi\/en\/wp-json\/wp\/v2\/media?parent=33"}],"curies":[{"name":"wp","href":"https:\/\/api.w.org\/{rel}","templated":true}]}}