{"id":438,"date":"2025-10-20T16:17:38","date_gmt":"2025-10-20T13:17:38","guid":{"rendered":"https:\/\/www.voidtek.fi\/?page_id=438"},"modified":"2025-10-22T19:09:18","modified_gmt":"2025-10-22T16:09:18","slug":"toimitusehdot","status":"publish","type":"page","link":"https:\/\/www.voidtek.fi\/en\/toimitusehdot\/","title":{"rendered":"Toimitusehdot"},"content":{"rendered":"<h4 class=\"wp-block-heading has-text-align-center\">Hinnasto ja toimitusehdot &#8211; P\u00e4ivitetty 1.10.2025<\/h4>\n\n\n\n<div style=\"height:30px\" aria-hidden=\"true\" class=\"wp-block-spacer\"><\/div>\n\n\n\n<h4 class=\"wp-block-heading\">1. Perushinnasto<\/h4>\n\n\n\n<p>Hinnat ilmoitetaan, ilman arvonlis\u00e4veroa. Arvonlis\u00e4verottomiin hintoihin lis\u00e4t\u00e4\u00e4n voimassa<br>oleva vero silloisen veroprosentin mukaisesti. Hinnat ovat voimassa 1.10.2025 alkaen ja ovat<br>voimassa toistaiseksi.<\/p>\n\n\n\n<div style=\"height:10px\" aria-hidden=\"true\" class=\"wp-block-spacer\"><\/div>\n\n\n\n<figure class=\"wp-block-table\">\n  <table class=\"has-fixed-layout\" style=\"width:100%;\">\n    <colgroup>\n      <col style=\"width:60%;\">\n      <col style=\"width:20%;\">\n      <col style=\"width:20%;\">\n    <\/colgroup>\n    <tbody>\n      <tr>\n        <td><strong>Selite<\/strong><\/td>\n        <td><strong>Hinta alv. 0 %<\/strong><\/td>\n        <td><strong>Hinta alv. 25,5 %<\/strong><\/td>\n      <\/tr>\n      <tr>\n        <td>Tuntihinta, s\u00e4hk\u00f6asennukset<\/td>\n        <td>51,79 \u20ac \/ h<\/td>\n        <td>65,00 \u20ac \/ h<\/td>\n      <\/tr>\n      <tr>\n        <td>Tuntihinta, automaatioty\u00f6t<\/td>\n        <td>51,79 \u20ac \/ h<\/td>\n        <td>75,00 \u20ac \/ h<\/td>\n      <\/tr>\n      <tr>\n        <td>Ajoneuvokulukorvaus (alle 10 km)<\/td>\n        <td>11,95 \u20ac \/ k\u00e4ynti<\/td>\n        <td>15,00 \u20ac \/ k\u00e4ynti<\/td>\n      <\/tr>\n      <tr>\n        <td>Kilometriveloitus (yli 10 km)<\/td>\n        <td>0,96 \u20ac \/ km<\/td>\n        <td>1,20 \u20ac \/ km<\/td>\n      <\/tr>\n      <tr>\n        <td>Matka-ajan korvaus (yli 10 km)<\/td>\n        <td>31,87 \u20ac \/ h<\/td>\n        <td>40,00 \u20ac \/ h<\/td>\n      <\/tr>\n      <tr>\n        <td>Pientarvikelis\u00e4<\/td>\n        <td>11,95 \u20ac<\/td>\n        <td>15,00 \u20ac<\/td>\n      <\/tr>\n    <\/tbody>\n  <\/table>\n<\/figure>\n\n\n\n<div style=\"height:10px\" aria-hidden=\"true\" class=\"wp-block-spacer\"><\/div>\n\n\n\n<ul class=\"wp-block-list\">\n<li><em>Matkat lasketaan postinumeroalueen keskipisteest\u00e4 mitattuna.<\/em><\/li>\n\n\n\n<li><em>Pientarvikelis\u00e4 laskutetaan, mik\u00e4li ty\u00f6ss\u00e4 k\u00e4ytet\u00e4\u00e4n pientarvikkeita. Mik\u00e4li pientarvikkeita kuluu paljon, eik\u00e4 niit\u00e4 eritell\u00e4 laskulle, voidaan k\u00e4ytt\u00e4\u00e4 kaksinkertaista (2x) pientarvikelis\u00e4\u00e4 tapauskohtaisesti. <\/em><\/li>\n<\/ul>\n\n\n\n<p>Hinnat ovat voimassa toistaksi. Voidtek pid\u00e4tt\u00e4\u00e4 oikeuden hintojen ja toimitusehtojen muutoksiin siit\u00e4 erikseen ilmoittamatta.<\/p>\n\n\n\n<div style=\"height:30px\" aria-hidden=\"true\" class=\"wp-block-spacer\"><\/div>\n\n\n\n<h4 class=\"wp-block-heading\">2. Palvelumallit<\/h4>\n\n\n\n<p>Palvelut tarjotaan tuntity\u00f6n\u00e4 alla olevan palvelumallin mukaisesti, mik\u00e4li asiasta ei sovita<br>muuta erikseen.<\/p>\n\n\n\n<div style=\"height:30px\" aria-hidden=\"true\" class=\"wp-block-spacer\"><\/div>\n\n\n\n<h4 class=\"wp-block-heading\">Tuntity\u00f6<\/h4>\n\n\n\n<p>Minimiveloitus on yksi (1) tunti, jonka j\u00e4lkeen veloitus jatkuu jokaisesta alkavasta tunnista,<br>mik\u00e4li ei erikseen muuta sovita.<\/p>\n\n\n\n<p>Veloitettavaan ty\u00f6aikaan kuuluvat:<\/p>\n\n\n\n<ul class=\"wp-block-list\">\n<li>Ty\u00f6n vastaanotto<\/li>\n\n\n\n<li>Ty\u00f6n valmistelut, my\u00f6s etuk\u00e4teen<\/li>\n\n\n\n<li>Matka-aika (meno\u2013paluu)<\/li>\n\n\n\n<li>Vianhaku<\/li>\n\n\n\n<li>Varsinainen ty\u00f6<\/li>\n\n\n\n<li>Ty\u00f6n viimeistely ja tarkastus<\/li>\n\n\n\n<li>Neuvottelut, sek\u00e4 k\u00e4yt\u00f6nopastus<\/li>\n\n\n\n<li>Raportointi ja dokumentointi (mittausp\u00f6yt\u00e4kirjat)<\/li>\n<\/ul>\n\n\n\n<div style=\"height:30px\" aria-hidden=\"true\" class=\"wp-block-spacer\"><\/div>\n\n\n\n<h4 class=\"wp-block-heading\">Urakkamuotoinen ty\u00f6<\/h4>\n\n\n\n<p>Urakkaan kuuluu kiinte\u00e4 hinta, joka sis\u00e4lt\u00e4\u00e4 ty\u00f6n, tarvikkeet ja matkakulut. Urakkahinnan<br>tarjoaminen edellytt\u00e4\u00e4 s\u00e4hk\u00f6suunnitelmaa tai muita riitt\u00e4v\u00e4n tarkkoja l\u00e4ht\u00f6tietoja. Urakan laajuus, poikkeamat ja lis\u00e4ty\u00f6t sovitaan kirjallisesti tarjouksen muodossa ennen ty\u00f6n toteutusta.<\/p>\n\n\n\n<div style=\"height:30px\" aria-hidden=\"true\" class=\"wp-block-spacer\"><\/div>\n\n\n\n<h4 class=\"wp-block-heading\">3. Matkat ja kulut<\/h4>\n\n\n\n<p>Matka-, p\u00e4iv\u00e4raha-, ruokailu-, majoitus- ja muut vastaavat kulut eiv\u00e4t sis\u00e4lly tuntihintoihin,<br>vaan ne veloitetaan todellisina + 15 % k\u00e4sittelykulu.<br>Ajoneuvokulukorvaus ja mahdollinen kilometriveloitus veloitetaan hinnaston mukaisesti.<br>Mahdolliset erikoiskulut, kuten pys\u00e4k\u00f6inti, j\u00e4temaksut, nostin-\/telinevuokrat, erikoisty\u00f6kalut, verkkoyhti\u00f6n maksut veloitetaan toteuman mukaisesti.<\/p>\n\n\n\n<div style=\"height:30px\" aria-hidden=\"true\" class=\"wp-block-spacer\"><\/div>\n\n\n\n<h4 class=\"wp-block-heading\">4. Osat, materiaalit ja pientarvikkeet<\/h4>\n\n\n\n<p>T\u00f6ihin ja viankorjauksiin k\u00e4ytett\u00e4v\u00e4t osat, materiaalit ja niiden mahdolliset toimitus- ja<br>k\u00e4sittelykulut veloitetaan kokonaisuudessaan sis\u00e4lt\u00e4en katteen.<br>Pientarvikkeet veloitetaan pientarvikelis\u00e4n\u00e4 hinnaston mukaisesti, elleiv\u00e4t ne ole erikseen<br>laskulle eriteltyn\u00e4.<\/p>\n\n\n\n<div style=\"height:30px\" aria-hidden=\"true\" class=\"wp-block-spacer\"><\/div>\n\n\n\n<h4 class=\"wp-block-heading\">5. Laskutus ja maksuehdot<\/h4>\n\n\n\n<ul class=\"wp-block-list\">\n<li>Maksuehto on 14 p\u00e4iv\u00e4\u00e4 netto.<\/li>\n\n\n\n<li>Huomautusaika on 7 p\u00e4iv\u00e4\u00e4.<\/li>\n\n\n\n<li>Viiv\u00e4styskorko 10 %.<\/li>\n<\/ul>\n\n\n\n<p>Maksutapana on s\u00e4hk\u00f6posti-, tai paperilasku.<\/p>\n\n\n\n<p>Laskutustiedot on toimitettava ennen tilattavan ty\u00f6n toteuttamista.<\/p>\n\n\n\n<p>Kaikki ty\u00f6h\u00f6n k\u00e4ytett\u00e4v\u00e4t tuotteet ja materiaalit ovat Voidtekin omaisuutta, kunnes lasku on<br>maksettu kokonaisuudessaan.<\/p>\n\n\n\n<div style=\"height:30px\" aria-hidden=\"true\" class=\"wp-block-spacer\"><\/div>\n\n\n\n<h4 class=\"wp-block-heading\">6. Toimeksianto, aikataulut ja peruutukset<\/h4>\n\n\n\n<p>Toimeksianto syntyy, kun tilaus tehd\u00e4\u00e4n suullisesti, puhelimitse, s\u00e4hk\u00f6postilla tai lomakkeella.<\/p>\n\n\n\n<p>Mik\u00e4li sovittu aika ei k\u00e4y, ty\u00f6 on peruttava v\u00e4hint\u00e4\u00e4n kaksi (2) arkip\u00e4iv\u00e4\u00e4 ennen sovittua aikaa.<\/p>\n\n\n\n<p>P\u00e4ivystys- tai h\u00e4t\u00e4ty\u00f6 toteutetaan saatavuuden mukaan tuntit\u00f6in\u00e4 hinnaston mukaisesti.<br>Peruuttamattomasta tai aiheettomasta k\u00e4ynnist\u00e4 veloitetaan v\u00e4hint\u00e4\u00e4n yhden (1) tunnin ty\u00f6 ja muut mahdolliset perumisesta aiheutuneet kulut.<\/p>\n\n\n\n<div style=\"height:30px\" aria-hidden=\"true\" class=\"wp-block-spacer\"><\/div>\n\n\n\n<h4 class=\"wp-block-heading\">7. Takuu ja vastuuasiat<\/h4>\n\n\n\n<p>Asennustarvikkeilla ja tuotteilla on valmistajan my\u00f6nt\u00e4m\u00e4 12 kuukauden takuu.<br>Mahdolliset reklamaatiot sovitaan ensisijaisesti Voidtekin kanssa.<\/p>\n\n\n\n<p>Voidtek ei korvaa muiden mahdollisten toimijoiden kustannuksia ilman etuk\u00e4teissopimusta.<\/p>\n\n\n\n<p>Asiakas vastaa ty\u00f6kohteen j\u00e4rjestelyist\u00e4, jollei erikseen ole muuta sovittu. Ty\u00f6kohteen j\u00e4rjestelyihin kuuluvat muun muassa:<\/p>\n\n\n\n<ul class=\"wp-block-list\">\n<li>Esteet\u00f6n p\u00e4\u00e4sy ty\u00f6kohteeseen<\/li>\n\n\n\n<li>Turvalliset olosuhteet<\/li>\n\n\n\n<li>Sovitut s\u00e4hk\u00f6- ja muut k\u00e4ytt\u00f6hy\u00f6dykekatkot<\/li>\n\n\n\n<li>Kiinni pidett\u00e4v\u00e4t lemmikkiel\u00e4imet<\/li>\n<\/ul>\n\n\n\n<p>Mik\u00e4li edell\u00e4 mainitut asiat eiv\u00e4t ole kunnossa, veloitetaan ty\u00f6st\u00e4 v\u00e4hint\u00e4\u00e4n yhden (1) tunnin<br>ty\u00f6 ja muut mahdolliset aiheutuneet kulut.<\/p>\n\n\n\n<p>Mik\u00e4li toimitusehdoissa on ristiriitaa eri kielten v\u00e4lill\u00e4, noudatetaan suomenkielist\u00e4 versiota.<\/p>\n\n\n\n<div style=\"height:30px\" aria-hidden=\"true\" class=\"wp-block-spacer\"><\/div>\n\n\n\n<h4 class=\"wp-block-heading\">8. Kotitalousv\u00e4hennys<\/h4>\n\n\n\n<p>Kotitalousasiakkaat oikeutettuja kotitalousv\u00e4hennykseen ty\u00f6n osuudesta. Ty\u00f6n osuus eritell\u00e4\u00e4n laskulla. Kotitalousv\u00e4hennyksen suuruus riippuu kulloinkin voimassa olevasta Verohallinnon p\u00e4\u00e4t\u00f6ksest\u00e4.<\/p>\n\n\n\n<div style=\"height:30px\" aria-hidden=\"true\" class=\"wp-block-spacer\"><\/div>\n\n\n\n<h4 class=\"wp-block-heading\">9. Voimassaolo ja muutokset sopimusehtoihin<\/h4>\n\n\n\n<p>Ehdot ja hinnat voimassa 1.10.2025 alkaen toistaiseksi. Voidtek pid\u00e4tt\u00e4\u00e4 oikeuden kaikkiin<br>muutoksiin siit\u00e4 erikseen ilmoittamatta.<\/p>","protected":false},"excerpt":{"rendered":"<p>Hinnasto ja toimitusehdot &#8211; P\u00e4ivitetty 1.10.2025 1. Perushinnasto Hinnat ilmoitetaan, ilman arvonlis\u00e4veroa. Arvonlis\u00e4verottomiin hintoihin lis\u00e4t\u00e4\u00e4n voimassaoleva vero silloisen veroprosentin mukaisesti. Hinnat ovat voimassa 1.10.2025 alkaen ja ovatvoimassa toistaiseksi. Selite Hinta alv. 0 % Hinta alv. 25,5 % Tuntihinta, s\u00e4hk\u00f6asennukset 51,79 \u20ac \/ h 65,00 \u20ac \/ h Tuntihinta, automaatioty\u00f6t 51,79 \u20ac \/ h 75,00 \u20ac [&hellip;]<\/p>","protected":false},"author":1,"featured_media":0,"parent":0,"menu_order":0,"comment_status":"closed","ping_status":"closed","template":"","meta":{"_seopress_robots_primary_cat":"","_seopress_titles_title":"","_seopress_titles_desc":"","_seopress_robots_index":"yes","footnotes":""},"class_list":["post-438","page","type-page","status-publish","hentry"],"_links":{"self":[{"href":"https:\/\/www.voidtek.fi\/en\/wp-json\/wp\/v2\/pages\/438","targetHints":{"allow":["GET"]}}],"collection":[{"href":"https:\/\/www.voidtek.fi\/en\/wp-json\/wp\/v2\/pages"}],"about":[{"href":"https:\/\/www.voidtek.fi\/en\/wp-json\/wp\/v2\/types\/page"}],"author":[{"embeddable":true,"href":"https:\/\/www.voidtek.fi\/en\/wp-json\/wp\/v2\/users\/1"}],"replies":[{"embeddable":true,"href":"https:\/\/www.voidtek.fi\/en\/wp-json\/wp\/v2\/comments?post=438"}],"version-history":[{"count":15,"href":"https:\/\/www.voidtek.fi\/en\/wp-json\/wp\/v2\/pages\/438\/revisions"}],"predecessor-version":[{"id":475,"href":"https:\/\/www.voidtek.fi\/en\/wp-json\/wp\/v2\/pages\/438\/revisions\/475"}],"wp:attachment":[{"href":"https:\/\/www.voidtek.fi\/en\/wp-json\/wp\/v2\/media?parent=438"}],"curies":[{"name":"wp","href":"https:\/\/api.w.org\/{rel}","templated":true}]}}