{"id":49,"date":"2025-07-28T23:14:39","date_gmt":"2025-07-28T20:14:39","guid":{"rendered":"https:\/\/www.voidtek.fi\/?page_id=49"},"modified":"2025-10-21T10:18:08","modified_gmt":"2025-10-21T07:18:08","slug":"tiedot","status":"publish","type":"page","link":"https:\/\/www.voidtek.fi\/en\/tiedot\/","title":{"rendered":"Information"},"content":{"rendered":"<p class=\"has-text-align-center\">Stay tuned. I will be offering part-time services in the Central Finland and Northern Savonia regions in the future. <\/p>\n\n\n\n<div style=\"height:50px\" aria-hidden=\"true\" class=\"wp-block-spacer\"><\/div>\n\n\n\n<div class=\"wp-block-group is-layout-grid wp-container-core-group-is-layout-b757edec wp-block-group-is-layout-grid\">\n<h5 class=\"wp-block-heading has-text-align-right wp-container-content-5e2576f9\">Name:<\/h5>\n\n\n\n<p>Voidtek<\/p>\n\n\n\n<h5 class=\"wp-block-heading has-text-align-right\">Mail:<\/h5>\n\n\n\n<p>info@voidtek.fi<\/p>\n\n\n\n<h5 class=\"wp-block-heading has-text-align-right wp-container-content-5e2576f9\">Business ID:<\/h5>\n\n\n\n<p>3130238-6<\/p>\n\n\n\n<h5 class=\"wp-block-heading has-text-align-right\">Headquarters:<\/h5>\n\n\n\n<p>Jyv\u00e4skyl\u00e4, Finland<\/p>\n<\/div>\n\n\n\n<div style=\"height:50px\" aria-hidden=\"true\" class=\"wp-block-spacer\"><\/div>\n\n\n\n<h3 class=\"wp-block-heading has-text-align-center\">Service area<\/h3>\n\n\n<div class=\"leaflet-map WPLeafletMap\" style=\"height:500px; width:95%;\"><\/div><script>\nwindow.WPLeafletMapPlugin = window.WPLeafletMapPlugin || [];\nwindow.WPLeafletMapPlugin.push(function WPLeafletMapShortcode() {\/*<script>*\/\nvar baseUrl = atob('aHR0cHM6Ly97c30uYmFzZW1hcHMuY2FydG9jZG4uY29tL2xpZ2h0X2FsbC97en0ve3h9L3t5fXtyfS5wbmc=');\nvar base = (!baseUrl && window.MQ) ?\n    window.MQ.mapLayer() : L.tileLayer(baseUrl,\n        L.Util.extend({}, {\n            detectRetina: 0,\n        },\n        {\"subdomains\":\"abc\",\"noWrap\":false,\"maxZoom\":19}        )\n    );\n    var options = L.Util.extend({}, {\n        layers: [base],\n        attributionControl: false\n    },\n    {\"zoomControl\":true,\"scrollWheelZoom\":false,\"doubleClickZoom\":false,\"fitBounds\":false,\"minZoom\":0,\"maxZoom\":19,\"maxBounds\":null,\"attribution\":\"Leaflet, \\u00a9 <a href=\\\"https:\\\/\\\/www.openstreetmap.org\\\/copyright\\\">OpenStreetMap<\\\/a> contributors, \\u00a9 <a href=\\\"https:\\\/\\\/carto.com\\\/\\\">CARTO<\\\/a>\"},\n    {});\nwindow.WPLeafletMapPlugin.createMap(options).setView([62.8,26.5],6);});<\/script>\n<script>\nwindow.WPLeafletMapPlugin = window.WPLeafletMapPlugin || [];\nwindow.WPLeafletMapPlugin.push(function WPLeafletMarkerShortcode() {\/*<script>*\/\nvar map = window.WPLeafletMapPlugin.getCurrentMap();\nvar group = window.WPLeafletMapPlugin.getCurrentGroup();\nvar marker_options = window.WPLeafletMapPlugin.getIconOptions({\"svg\":true,\"background\":\"#777777\",\"color\":\"#dddddd\"});\nvar marker = new L.SVGMarker(\n    [62.241,25.72],\n    marker_options\n);\nvar is_image = map.is_image_map;\nif (marker_options.draggable) {\n    marker.on('dragend', function () {\n        var latlng = this.getLatLng();\n        var lat = latlng.lat;\n        var lng = latlng.lng;\n        if (is_image) {\n            console.log('leaflet-marker y=' + lat + ' x=' + lng);\n        } else {\n            console.log('leaflet-marker lat=' + lat + ' lng=' + lng);\n        }\n    });\n}\nmarker.addTo( group );\nmarker.bindPopup(window.WPLeafletMapPlugin.unescape('40250, Jyv\u00e4skyl\u00e4'));window.WPLeafletMapPlugin.markers.push( marker );\n        });<\/script>\n<script>\nwindow.WPLeafletMapPlugin = window.WPLeafletMapPlugin || [];\nwindow.WPLeafletMapPlugin.push(function WPLeafletMarkerShortcode() {\/*<script>*\/\nvar map = window.WPLeafletMapPlugin.getCurrentMap();\nvar group = window.WPLeafletMapPlugin.getCurrentGroup();\nvar marker_options = window.WPLeafletMapPlugin.getIconOptions({\"svg\":true,\"background\":\"#777777\",\"color\":\"#dddddd\"});\nvar marker = new L.SVGMarker(\n    [63.364,27.401],\n    marker_options\n);\nvar is_image = map.is_image_map;\nif (marker_options.draggable) {\n    marker.on('dragend', function () {\n        var latlng = this.getLatLng();\n        var lat = latlng.lat;\n        var lng = latlng.lng;\n        if (is_image) {\n            console.log('leaflet-marker y=' + lat + ' x=' + lng);\n        } else {\n            console.log('leaflet-marker lat=' + lat + ' lng=' + lng);\n        }\n    });\n}\nmarker.addTo( group );\nmarker.bindPopup(window.WPLeafletMapPlugin.unescape('73100, Lapinlahti'));window.WPLeafletMapPlugin.markers.push( marker );\n        });<\/script>","protected":false},"excerpt":{"rendered":"<p>Olethan kuulolla. Tulen tarjoamaan palveluita sivutoimisesti my\u00f6hemmin tulevaisuudessa Keski-Suomen ja Pohjois-Savon alueilla. Nimi: Voidtek S\u00e4hk\u00f6posti: info@voidtek.fi Y-tunnus: 3130238-6 Kotipaikka: Jyv\u00e4skyl\u00e4, Suomi Palvelualue<\/p>","protected":false},"author":1,"featured_media":0,"parent":0,"menu_order":0,"comment_status":"closed","ping_status":"closed","template":"","meta":{"_seopress_robots_primary_cat":"","_seopress_titles_title":"","_seopress_titles_desc":"","_seopress_robots_index":"","footnotes":""},"class_list":["post-49","page","type-page","status-publish","hentry"],"_links":{"self":[{"href":"https:\/\/www.voidtek.fi\/en\/wp-json\/wp\/v2\/pages\/49","targetHints":{"allow":["GET"]}}],"collection":[{"href":"https:\/\/www.voidtek.fi\/en\/wp-json\/wp\/v2\/pages"}],"about":[{"href":"https:\/\/www.voidtek.fi\/en\/wp-json\/wp\/v2\/types\/page"}],"author":[{"embeddable":true,"href":"https:\/\/www.voidtek.fi\/en\/wp-json\/wp\/v2\/users\/1"}],"replies":[{"embeddable":true,"href":"https:\/\/www.voidtek.fi\/en\/wp-json\/wp\/v2\/comments?post=49"}],"version-history":[{"count":41,"href":"https:\/\/www.voidtek.fi\/en\/wp-json\/wp\/v2\/pages\/49\/revisions"}],"predecessor-version":[{"id":472,"href":"https:\/\/www.voidtek.fi\/en\/wp-json\/wp\/v2\/pages\/49\/revisions\/472"}],"wp:attachment":[{"href":"https:\/\/www.voidtek.fi\/en\/wp-json\/wp\/v2\/media?parent=49"}],"curies":[{"name":"wp","href":"https:\/\/api.w.org\/{rel}","templated":true}]}}